{"id":2266,"date":"2024-10-24T12:26:40","date_gmt":"2024-10-24T12:26:40","guid":{"rendered":"https:\/\/jwatlasmarrakech.com\/?page_id=2266"},"modified":"2024-11-13T22:50:07","modified_gmt":"2024-11-13T22:50:07","slug":"creator-of-experience","status":"publish","type":"page","link":"https:\/\/jwatlasmarrakech.com\/en\/creator-of-experience\/","title":{"rendered":"Cr\u00e9ateur d&rsquo;exp\u00e9rience"},"content":{"rendered":"<div data-elementor-type=\"wp-page\" data-elementor-id=\"2266\" class=\"elementor elementor-2266\" data-elementor-settings=\"{&quot;ha_cmc_init_switcher&quot;:&quot;no&quot;}\">\n\t\t\t\t\t\t<section class=\"elementor-section elementor-top-section elementor-element elementor-element-259bd1a0 elementor-section-height-min-height cs-section-content-fullwidth cs-parallax-on-scroll cs_scroll_y_80 elementor-section-boxed elementor-section-height-default elementor-section-items-middle\" data-id=\"259bd1a0\" data-element_type=\"section\" data-e-type=\"section\" data-settings=\"{&quot;background_background&quot;:&quot;classic&quot;,&quot;_ha_eqh_enable&quot;:false}\" data-cs-parallax-y=\"80\" style=\"background-image: none;\" data-cs-background-image=\"https:\/\/jwatlasmarrakech.com\/wp-content\/uploads\/2024\/10\/Copie-de-_U9A1117-scaled.jpg\" data-cs-background-image-alt-text=\"JW Atlas palais d&#039;h\u00f4tes Marrakech, h\u00f4tel luxe Marrakech\">\n\t\t\t\t\t\t\t<div class=\"elementor-background-overlay\"><\/div>\n\t\t\t\t\t\t\t<div class=\"elementor-container elementor-column-gap-no\">\n\t\t\t\t\t<div class=\"elementor-column elementor-col-100 elementor-top-column elementor-element elementor-element-45da27e9 dark-color\" data-id=\"45da27e9\" data-element_type=\"column\" data-e-type=\"column\">\n\t\t\t<div class=\"elementor-widget-wrap elementor-element-populated\">\n\t\t\t\t\t\t<div class=\"elementor-element elementor-element-4fd9a28d elementor-widget elementor-widget-cs_title\" data-id=\"4fd9a28d\" data-element_type=\"widget\" data-e-type=\"widget\" data-widget_type=\"cs_title.default\">\n\t\t\t\t<div class=\"elementor-widget-container\">\n\t\t\t\t\t\n        <div class=\"cs-title-wrap text-center\">\t            <h1 class=\"cs-title\">\n\t                Experience Creator\t            <\/h1>        <\/div>\t\t\t\t<\/div>\n\t\t\t\t<\/div>\n\t\t\t\t\t<\/div>\n\t\t<\/div>\n\t\t\t\t\t<\/div>\n\t\t<\/section>\n\t\t\t\t<section class=\"elementor-section elementor-top-section elementor-element elementor-element-2565b08f elementor-section-content-middle elementor-section-boxed elementor-section-height-default elementor-section-height-default\" data-id=\"2565b08f\" data-element_type=\"section\" data-e-type=\"section\" data-settings=\"{&quot;background_background&quot;:&quot;classic&quot;,&quot;_ha_eqh_enable&quot;:false}\">\n\t\t\t\t\t\t<div class=\"elementor-container elementor-column-gap-no\">\n\t\t\t\t\t<div class=\"elementor-column elementor-col-50 elementor-top-column elementor-element elementor-element-1eb90815\" data-id=\"1eb90815\" data-element_type=\"column\" data-e-type=\"column\">\n\t\t\t<div class=\"elementor-widget-wrap elementor-element-populated\">\n\t\t\t\t\t\t<div class=\"elementor-element elementor-element-76f43325 cs-animation-small-offset elementor-invisible elementor-widget elementor-widget-image\" data-id=\"76f43325\" data-element_type=\"widget\" data-e-type=\"widget\" data-settings=\"{&quot;_animation&quot;:&quot;fadeInUp&quot;,&quot;_animation_delay&quot;:150}\" data-widget_type=\"image.default\">\n\t\t\t\t<div class=\"elementor-widget-container\">\n\t\t\t\t\t\t\t\t\t\t\t\t\t\t\t<img fetchpriority=\"high\" decoding=\"async\" width=\"1707\" height=\"2560\" src=\"https:\/\/jwatlasmarrakech.com\/wp-content\/uploads\/2024\/10\/Copie-de-_U9A1170-1-scaled.jpg\" class=\"attachment-full size-full wp-image-2257\" alt=\"JW Atlas guest palace Marrakech, luxury hotel Marrakech\" srcset=\"https:\/\/jwatlasmarrakech.com\/wp-content\/uploads\/2024\/10\/Copie-de-_U9A1170-1-scaled.jpg 1707w, https:\/\/jwatlasmarrakech.com\/wp-content\/uploads\/2024\/10\/Copie-de-_U9A1170-1-200x300.jpg 200w, https:\/\/jwatlasmarrakech.com\/wp-content\/uploads\/2024\/10\/Copie-de-_U9A1170-1-683x1024.jpg 683w, https:\/\/jwatlasmarrakech.com\/wp-content\/uploads\/2024\/10\/Copie-de-_U9A1170-1-768x1152.jpg 768w, https:\/\/jwatlasmarrakech.com\/wp-content\/uploads\/2024\/10\/Copie-de-_U9A1170-1-1024x1536.jpg 1024w, https:\/\/jwatlasmarrakech.com\/wp-content\/uploads\/2024\/10\/Copie-de-_U9A1170-1-1366x2048.jpg 1366w, https:\/\/jwatlasmarrakech.com\/wp-content\/uploads\/2024\/10\/Copie-de-_U9A1170-1-1920x2880.jpg 1920w, https:\/\/jwatlasmarrakech.com\/wp-content\/uploads\/2024\/10\/Copie-de-_U9A1170-1-1440x2160.jpg 1440w, https:\/\/jwatlasmarrakech.com\/wp-content\/uploads\/2024\/10\/Copie-de-_U9A1170-1-1200x1800.jpg 1200w, https:\/\/jwatlasmarrakech.com\/wp-content\/uploads\/2024\/10\/Copie-de-_U9A1170-1-780x1170.jpg 780w, https:\/\/jwatlasmarrakech.com\/wp-content\/uploads\/2024\/10\/Copie-de-_U9A1170-1-600x900.jpg 600w, https:\/\/jwatlasmarrakech.com\/wp-content\/uploads\/2024\/10\/Copie-de-_U9A1170-1-550x825.jpg 550w, https:\/\/jwatlasmarrakech.com\/wp-content\/uploads\/2024\/10\/Copie-de-_U9A1170-1-370x555.jpg 370w, https:\/\/jwatlasmarrakech.com\/wp-content\/uploads\/2024\/10\/Copie-de-_U9A1170-1-255x382.jpg 255w\" sizes=\"(max-width: 1707px) 100vw, 1707px\" \/>\t\t\t\t\t\t\t\t\t\t\t\t\t\t\t<\/div>\n\t\t\t\t<\/div>\n\t\t\t\t\t<\/div>\n\t\t<\/div>\n\t\t\t\t<div class=\"elementor-column elementor-col-50 elementor-top-column elementor-element elementor-element-2be53163\" data-id=\"2be53163\" data-element_type=\"column\" data-e-type=\"column\">\n\t\t\t<div class=\"elementor-widget-wrap elementor-element-populated\">\n\t\t\t\t\t\t<div class=\"elementor-element elementor-element-16470583 elementor-widget elementor-widget-cs_title\" data-id=\"16470583\" data-element_type=\"widget\" data-e-type=\"widget\" data-widget_type=\"cs_title.default\">\n\t\t\t\t<div class=\"elementor-widget-container\">\n\t\t\t\t\t\n        <div class=\"cs-title-wrap\">\t            <h4 class=\"cs-title\">\n\t                The JW Atlas project is part of the ongoing development of the JW Collection brand.\t            <\/h4>\t            <div class=\"cs-title-text\">\n\t                <div class=\"page\" title=\"Page 1\"><div class=\"section\"><div class=\"layoutArea\"><div class=\"column\"><div class=\"page\" title=\"Page 4\"><div class=\"section\"><div class=\"layoutArea\"><div class=\"column\"><p>After the successful launch of the projects <strong>JW Medina<\/strong> And <strong>JW Yacout<\/strong>, <strong>JW Atlas<\/strong> aims to be the brand&#039;s high-end offering <strong>JW Collection<\/strong>.<br \/>It offers the ideal setting for organizing weddings, events (Shooting, Filming, Birthdays, etc.) and professional seminars around a unique experience and culinary tasting focused on authenticity, luxury and refinement.<br \/>The first years of operation of our projects <strong>JW Medina<\/strong> And <strong>JW Yacout<\/strong> have confirmed the strategic direction of the brand <strong>JW Collection<\/strong>.<br \/><strong>JW Atlas<\/strong> offers our customers an authentic \u201cMorocco Stay\u201d experience by targeting the best of Moroccan tradition, in a natural, luxurious, cozy and relaxing setting with the<br \/>concern for service and high standing.<br \/>The differentiating criteria are the perfect knowledge of the segment&#039;s requirements<br \/>clientele, relationships adapted to each context, partnership with leading players<br \/>in their respective markets (transport and excursion, logistics, sound and lights, entertainment), fair quality\/price ratio, use of local, fresh and organic products, employee motivation, training and international experience of the brand&#039;s creators <strong>JW Collection<\/strong> and owners of the premises, as well as mastery of several languages. <strong>MARHABA within JW Atlas<\/strong><\/p><\/div><\/div><\/div><\/div><\/div><\/div><\/div><\/div>\t            <\/div>        <\/div>\t\t\t\t<\/div>\n\t\t\t\t<\/div>\n\t\t\t\t\t<\/div>\n\t\t<\/div>\n\t\t\t\t\t<\/div>\n\t\t<\/section>\n\t\t<div class=\"elementor-element elementor-element-e56bad1 e-flex e-con-boxed e-con e-parent\" data-id=\"e56bad1\" data-element_type=\"container\" data-e-type=\"container\" data-settings=\"{&quot;_ha_eqh_enable&quot;:false}\">\n\t\t\t\t\t<div class=\"e-con-inner\">\n\t\t\t\t<div class=\"elementor-element elementor-element-5dd6a0d ha-image-grid--masonry elementor-widget elementor-widget-ha-image-grid happy-addon ha-image-grid\" data-id=\"5dd6a0d\" data-element_type=\"widget\" data-e-type=\"widget\" data-settings=\"{&quot;layout&quot;:&quot;masonry&quot;,&quot;enable_popup&quot;:&quot;yes&quot;}\" data-widget_type=\"ha-image-grid.default\">\n\t\t\t\t<div class=\"elementor-widget-container\">\n\t\t\t\t\t\n\t\t<div class=\"ha-image-grid__wrap hajs-isotope ha-lightbox--has\">\n\t\t\t\t\t\t\t\n\t\t\t\t<a href=\"#\" data-mfp-src=\"https:\/\/jwatlasmarrakech.com\/wp-content\/uploads\/2024\/10\/Copie-de-_U9A1117-scaled.jpg\" class=\"ha-image-grid__item ha-js-lightbox __fltr-1\">\n\t\t\t\t\t<img decoding=\"async\" width=\"600\" height=\"600\" src=\"https:\/\/jwatlasmarrakech.com\/wp-content\/uploads\/2024\/10\/Copie-de-_U9A1117-600x600.jpg\" class=\"elementor-animation-grow\" alt=\"JW Atlas guest palace Marrakech, luxury hotel Marrakech\" srcset=\"https:\/\/jwatlasmarrakech.com\/wp-content\/uploads\/2024\/10\/Copie-de-_U9A1117-600x600.jpg 600w, https:\/\/jwatlasmarrakech.com\/wp-content\/uploads\/2024\/10\/Copie-de-_U9A1117-150x150.jpg 150w, https:\/\/jwatlasmarrakech.com\/wp-content\/uploads\/2024\/10\/Copie-de-_U9A1117-300x300.jpg 300w\" sizes=\"(max-width: 600px) 100vw, 600px\" \/>\t\t\t\t<\/a>\n\t\t\t\t\t\t\t\n\t\t\t\t<a href=\"#\" data-mfp-src=\"https:\/\/jwatlasmarrakech.com\/wp-content\/uploads\/2024\/10\/U9A1147-scaled.jpg\" class=\"ha-image-grid__item ha-js-lightbox __fltr-1\">\n\t\t\t\t\t<img decoding=\"async\" width=\"600\" height=\"600\" src=\"https:\/\/jwatlasmarrakech.com\/wp-content\/uploads\/2024\/10\/U9A1147-600x600.jpg\" class=\"elementor-animation-grow\" alt=\"JW Atlas guest palace Marrakech, luxury hotel Marrakech\" srcset=\"https:\/\/jwatlasmarrakech.com\/wp-content\/uploads\/2024\/10\/U9A1147-600x600.jpg 600w, https:\/\/jwatlasmarrakech.com\/wp-content\/uploads\/2024\/10\/U9A1147-150x150.jpg 150w, https:\/\/jwatlasmarrakech.com\/wp-content\/uploads\/2024\/10\/U9A1147-300x300.jpg 300w\" sizes=\"(max-width: 600px) 100vw, 600px\" \/>\t\t\t\t<\/a>\n\t\t\t\t\t\t\t\n\t\t\t\t<a href=\"#\" data-mfp-src=\"https:\/\/jwatlasmarrakech.com\/wp-content\/uploads\/2024\/10\/U9A1489-scaled.jpg\" class=\"ha-image-grid__item ha-js-lightbox __fltr-1\">\n\t\t\t\t\t<img loading=\"lazy\" decoding=\"async\" width=\"600\" height=\"600\" src=\"https:\/\/jwatlasmarrakech.com\/wp-content\/uploads\/2024\/10\/U9A1489-600x600.jpg\" class=\"elementor-animation-grow\" alt=\"JW Atlas guest palace Marrakech, luxury hotel Marrakech\" srcset=\"https:\/\/jwatlasmarrakech.com\/wp-content\/uploads\/2024\/10\/U9A1489-600x600.jpg 600w, https:\/\/jwatlasmarrakech.com\/wp-content\/uploads\/2024\/10\/U9A1489-150x150.jpg 150w, https:\/\/jwatlasmarrakech.com\/wp-content\/uploads\/2024\/10\/U9A1489-300x300.jpg 300w\" sizes=\"(max-width: 600px) 100vw, 600px\" \/>\t\t\t\t<\/a>\n\t\t\t\t\t<\/div>\n\n\t\t\t\t\t\t<\/div>\n\t\t\t\t<\/div>\n\t\t\t\t\t<\/div>\n\t\t\t\t<\/div>\n\t\t<div class=\"elementor-element elementor-element-ee33236 e-con-full e-flex e-con e-parent\" data-id=\"ee33236\" data-element_type=\"container\" data-e-type=\"container\" data-settings=\"{&quot;_ha_eqh_enable&quot;:false}\">\n\t\t\t\t<div class=\"elementor-element elementor-element-8ce812a cs-animation-small-offset elementor-invisible elementor-widget elementor-widget-cs_fancy_card\" data-id=\"8ce812a\" data-element_type=\"widget\" data-e-type=\"widget\" data-settings=\"{&quot;_animation&quot;:&quot;fadeInRight&quot;,&quot;_animation_delay&quot;:200,&quot;_animation_tablet&quot;:&quot;fadeInUp&quot;}\" data-widget_type=\"cs_fancy_card.default\">\n\t\t\t\t<div class=\"elementor-widget-container\">\n\t\t\t\t\t\n\t\t<div class=\"cs-fancy-card style-1 layout-row order-reverse text-left cs-hover-img-zoom\">\n            <div class=\"cs-fc-wrap\">\t                <a class=\"cs-fc-link\" href=\"https:\/\/jwatlasmarrakech.com\/en\/hammam-spa\/\" aria-label=\"Fancy Card Link\"><\/a>\t               \t<div class=\"cs-fc-img\">\n\t                    <img decoding=\"async\" src=\"https:\/\/jwatlasmarrakech.com\/wp-content\/uploads\/elementor\/thumbs\/Copie-de-_U9A1129-scaled-qw13mvsj1v50xbxommwa53oojkv8yv94aqn7lajtio.jpg\" title=\"JW Atlas guest palace Marrakech, luxury hotel Marrakech\" alt=\"JW Atlas guest palace Marrakech, luxury hotel Marrakech\" loading=\"lazy\" \/>\t                <\/div>\n                <div class=\"cs-fc-content\">\t\t\t            <h5 class=\"cs-fc-title cs-title\">\n\t\t\t                Our Services\t\t\t            <\/h5>\t\t\t            <div class=\"cs-fc-text\">\n\t\t\t                <div class=\"page\" title=\"Page 2\"><div class=\"section\"><div class=\"layoutArea\"><div class=\"column\"><div class=\"page\" title=\"Page 3\"><div class=\"section\"><div class=\"layoutArea\"><div class=\"column\"><p>We offer a \u201cMorocco Stay\u201d concept in all of our establishments, focused on the customer experience.<\/p><\/div><\/div><\/div><\/div><\/div><\/div><\/div><\/div>\t\t\t            <\/div>\t\t                <div class=\"cs-fc-btn\">\n\t\t                    <a class=\"button cs-btn-color-white cs-btn-outline cs-btn-small\" role=\"button\" href=\"https:\/\/jwatlasmarrakech.com\/en\/our-services\/\">\n\t\t                        <span class=\"cs-btn-text\">Discover<\/span>\t\t                    <\/a>\n\t\t                <\/div>\t\t\t\t<\/div>\n            <\/div>\n        <\/div>\t\t\t\t<\/div>\n\t\t\t\t<\/div>\n\t\t\t\t<\/div>\n\t\t\t\t<\/div>","protected":false},"excerpt":{"rendered":"<p>Cr\u00e9ateur d&rsquo;exp\u00e9rience Le projet JW Atlas vient s\u2019inscrire dans la continuit\u00e9 du d\u00e9veloppement de la marque JW Collection Apre\u0300s le succe\u0300s du lancement des projets JW Medina et JW Yacout, JW Atlas se veut e\u0302tre l\u2019offre haut de gamme de la marque JW Collection.Il offre le cadre ide\u0301al pour l\u2019organisation de mariages, e\u0301ve\u0301nements (Shooting, Tournage, &#8230;<\/p>","protected":false},"author":1,"featured_media":0,"parent":0,"menu_order":0,"comment_status":"closed","ping_status":"closed","template":"template-wide-content.php","meta":{"cozystay_single_page_hide_site_header":"","cozystay_single_page_site_header_source":"","cozystay_single_page_custom_site_header":"0","cozystay_single_page_custom_sticky_site_header":"0","cozystay_single_page_hide_page_title":"on","cozystay_single_page_header_section_size":"","cozystay_single_page_header_background_color":"","cozystay_single_page_header_background_position_x":"center","cozystay_single_page_header_background_position_y":"center","cozystay_single_page_header_background_size":"cover","cozystay_single_page_header_background_repeat":"off","cozystay_single_page_header_background_scroll":"on","cozystay_single_page_header_text_color":"","cozystay_single_page_header_show_breadcrumb":"","cozystay_single_page_site_footer_hide_main":"","cozystay_single_custom_site_footer_main_source":"","cozystay_single_custom_site_footer_main":"0","cozystay_single_page_site_footer_hide_above":"","cozystay_single_custom_site_footer_above_source":"","cozystay_single_custom_site_footer_above":"0","cozystay_single_page_site_footer_hide_instagram":"","cozystay_single_page_site_footer_hide_bottom":"","cozystay_single_custom_mobile_menu_source":"","cozystay_single_custom_mobile_menu":"0","cozystay_single_custom_mobile_menu_animation":"","cozystay_single_custom_mobile_menu_width":"","cozystay_single_custom_mobile_menu_custom_width":375,"footnotes":""},"class_list":["post-2266","page","type-page","status-publish","hentry"],"yoast_head":"<!-- This site is optimized with the Yoast SEO plugin v27.4 - https:\/\/yoast.com\/product\/yoast-seo-wordpress\/ -->\n<title>Cr\u00e9ateur d&#039;exp\u00e9rience - JW Atlas Palais d&#039;h\u00f4tes \u00e0 Marrakech<\/title>\n<meta name=\"description\" content=\"Le projet JW Atlas vient s\u2019inscrire dans la continuit\u00e9 du d\u00e9veloppement de la marque JW Collection\" \/>\n<meta name=\"robots\" content=\"index, follow, max-snippet:-1, max-image-preview:large, max-video-preview:-1\" \/>\n<link rel=\"canonical\" href=\"https:\/\/jwatlasmarrakech.com\/en\/creator-of-experience\/\" \/>\n<meta property=\"og:locale\" content=\"en_GB\" \/>\n<meta property=\"og:type\" content=\"article\" \/>\n<meta property=\"og:title\" content=\"Cr\u00e9ateur d&#039;exp\u00e9rience - JW Atlas Palais d&#039;h\u00f4tes \u00e0 Marrakech\" \/>\n<meta property=\"og:description\" content=\"Le projet JW Atlas vient s\u2019inscrire dans la continuit\u00e9 du d\u00e9veloppement de la marque JW Collection\" \/>\n<meta property=\"og:url\" content=\"https:\/\/jwatlasmarrakech.com\/en\/creator-of-experience\/\" \/>\n<meta property=\"og:site_name\" content=\"JW Atlas Palais d&#039;h\u00f4tes \u00e0 Marrakech\" \/>\n<meta property=\"article:modified_time\" content=\"2024-11-13T22:50:07+00:00\" \/>\n<meta property=\"og:image\" content=\"https:\/\/jwatlasmarrakech.com\/wp-content\/uploads\/2024\/10\/Copie-de-_U9A1170-1-scaled.jpg\" \/>\n<meta name=\"twitter:card\" content=\"summary_large_image\" \/>\n<meta name=\"twitter:label1\" content=\"Estimated reading time\" \/>\n\t<meta name=\"twitter:data1\" content=\"3 minutes\" \/>\n<script type=\"application\/ld+json\" class=\"yoast-schema-graph\">{\"@context\":\"https:\\\/\\\/schema.org\",\"@graph\":[{\"@type\":\"WebPage\",\"@id\":\"https:\\\/\\\/jwatlasmarrakech.com\\\/createur-dexperience\\\/\",\"url\":\"https:\\\/\\\/jwatlasmarrakech.com\\\/createur-dexperience\\\/\",\"name\":\"Cr\u00e9ateur d'exp\u00e9rience - JW Atlas Palais d&#039;h\u00f4tes \u00e0 Marrakech\",\"isPartOf\":{\"@id\":\"https:\\\/\\\/jwatlasmarrakech.com\\\/#website\"},\"primaryImageOfPage\":{\"@id\":\"https:\\\/\\\/jwatlasmarrakech.com\\\/createur-dexperience\\\/#primaryimage\"},\"image\":{\"@id\":\"https:\\\/\\\/jwatlasmarrakech.com\\\/createur-dexperience\\\/#primaryimage\"},\"thumbnailUrl\":\"https:\\\/\\\/jwatlasmarrakech.com\\\/wp-content\\\/uploads\\\/2024\\\/10\\\/Copie-de-_U9A1170-1-scaled.jpg\",\"datePublished\":\"2024-10-24T12:26:40+00:00\",\"dateModified\":\"2024-11-13T22:50:07+00:00\",\"description\":\"Le projet JW Atlas vient s\u2019inscrire dans la continuit\u00e9 du d\u00e9veloppement de la marque JW Collection\",\"breadcrumb\":{\"@id\":\"https:\\\/\\\/jwatlasmarrakech.com\\\/createur-dexperience\\\/#breadcrumb\"},\"inLanguage\":\"en-GB\",\"potentialAction\":[{\"@type\":\"ReadAction\",\"target\":[\"https:\\\/\\\/jwatlasmarrakech.com\\\/createur-dexperience\\\/\"]}]},{\"@type\":\"ImageObject\",\"inLanguage\":\"en-GB\",\"@id\":\"https:\\\/\\\/jwatlasmarrakech.com\\\/createur-dexperience\\\/#primaryimage\",\"url\":\"https:\\\/\\\/jwatlasmarrakech.com\\\/wp-content\\\/uploads\\\/2024\\\/10\\\/Copie-de-_U9A1170-1-scaled.jpg\",\"contentUrl\":\"https:\\\/\\\/jwatlasmarrakech.com\\\/wp-content\\\/uploads\\\/2024\\\/10\\\/Copie-de-_U9A1170-1-scaled.jpg\"},{\"@type\":\"BreadcrumbList\",\"@id\":\"https:\\\/\\\/jwatlasmarrakech.com\\\/createur-dexperience\\\/#breadcrumb\",\"itemListElement\":[{\"@type\":\"ListItem\",\"position\":1,\"name\":\"Home\",\"item\":\"https:\\\/\\\/jwatlasmarrakech.com\\\/\"},{\"@type\":\"ListItem\",\"position\":2,\"name\":\"Cr\u00e9ateur d&#8217;exp\u00e9rience\"}]},{\"@type\":\"WebSite\",\"@id\":\"https:\\\/\\\/jwatlasmarrakech.com\\\/#website\",\"url\":\"https:\\\/\\\/jwatlasmarrakech.com\\\/\",\"name\":\"JW Atlas Palais d&#039;h\u00f4tes \u00e0 Marrakech\",\"description\":\"\",\"publisher\":{\"@id\":\"https:\\\/\\\/jwatlasmarrakech.com\\\/#organization\"},\"potentialAction\":[{\"@type\":\"SearchAction\",\"target\":{\"@type\":\"EntryPoint\",\"urlTemplate\":\"https:\\\/\\\/jwatlasmarrakech.com\\\/?s={search_term_string}\"},\"query-input\":{\"@type\":\"PropertyValueSpecification\",\"valueRequired\":true,\"valueName\":\"search_term_string\"}}],\"inLanguage\":\"en-GB\"},{\"@type\":\"Organization\",\"@id\":\"https:\\\/\\\/jwatlasmarrakech.com\\\/#organization\",\"name\":\"JW Atlas Palais d&#039;h\u00f4tes \u00e0 Marrakech\",\"url\":\"https:\\\/\\\/jwatlasmarrakech.com\\\/\",\"logo\":{\"@type\":\"ImageObject\",\"inLanguage\":\"en-GB\",\"@id\":\"https:\\\/\\\/jwatlasmarrakech.com\\\/#\\\/schema\\\/logo\\\/image\\\/\",\"url\":\"https:\\\/\\\/jwatlasmarrakech.com\\\/wp-content\\\/uploads\\\/2024\\\/10\\\/cropped-Plan-de-travail-4.png\",\"contentUrl\":\"https:\\\/\\\/jwatlasmarrakech.com\\\/wp-content\\\/uploads\\\/2024\\\/10\\\/cropped-Plan-de-travail-4.png\",\"width\":3735,\"height\":4428,\"caption\":\"JW Atlas Palais d&#039;h\u00f4tes \u00e0 Marrakech\"},\"image\":{\"@id\":\"https:\\\/\\\/jwatlasmarrakech.com\\\/#\\\/schema\\\/logo\\\/image\\\/\"}}]}<\/script>\n<!-- \/ Yoast SEO plugin. -->","yoast_head_json":{"title":"Experience Creator - JW Atlas Guesthouse in Marrakech","description":"The JW Atlas project is part of the ongoing development of the JW Collection brand.","robots":{"index":"index","follow":"follow","max-snippet":"max-snippet:-1","max-image-preview":"max-image-preview:large","max-video-preview":"max-video-preview:-1"},"canonical":"https:\/\/jwatlasmarrakech.com\/en\/creator-of-experience\/","og_locale":"en_GB","og_type":"article","og_title":"Cr\u00e9ateur d'exp\u00e9rience - JW Atlas Palais d&#039;h\u00f4tes \u00e0 Marrakech","og_description":"Le projet JW Atlas vient s\u2019inscrire dans la continuit\u00e9 du d\u00e9veloppement de la marque JW Collection","og_url":"https:\/\/jwatlasmarrakech.com\/en\/creator-of-experience\/","og_site_name":"JW Atlas Palais d&#039;h\u00f4tes \u00e0 Marrakech","article_modified_time":"2024-11-13T22:50:07+00:00","og_image":[{"url":"https:\/\/jwatlasmarrakech.com\/wp-content\/uploads\/2024\/10\/Copie-de-_U9A1170-1-scaled.jpg","type":"","width":"","height":""}],"twitter_card":"summary_large_image","twitter_misc":{"Estimated reading time":"3 minutes"},"schema":{"@context":"https:\/\/schema.org","@graph":[{"@type":"WebPage","@id":"https:\/\/jwatlasmarrakech.com\/createur-dexperience\/","url":"https:\/\/jwatlasmarrakech.com\/createur-dexperience\/","name":"Experience Creator - JW Atlas Guesthouse in Marrakech","isPartOf":{"@id":"https:\/\/jwatlasmarrakech.com\/#website"},"primaryImageOfPage":{"@id":"https:\/\/jwatlasmarrakech.com\/createur-dexperience\/#primaryimage"},"image":{"@id":"https:\/\/jwatlasmarrakech.com\/createur-dexperience\/#primaryimage"},"thumbnailUrl":"https:\/\/jwatlasmarrakech.com\/wp-content\/uploads\/2024\/10\/Copie-de-_U9A1170-1-scaled.jpg","datePublished":"2024-10-24T12:26:40+00:00","dateModified":"2024-11-13T22:50:07+00:00","description":"The JW Atlas project is part of the ongoing development of the JW Collection brand.","breadcrumb":{"@id":"https:\/\/jwatlasmarrakech.com\/createur-dexperience\/#breadcrumb"},"inLanguage":"en-GB","potentialAction":[{"@type":"ReadAction","target":["https:\/\/jwatlasmarrakech.com\/createur-dexperience\/"]}]},{"@type":"ImageObject","inLanguage":"en-GB","@id":"https:\/\/jwatlasmarrakech.com\/createur-dexperience\/#primaryimage","url":"https:\/\/jwatlasmarrakech.com\/wp-content\/uploads\/2024\/10\/Copie-de-_U9A1170-1-scaled.jpg","contentUrl":"https:\/\/jwatlasmarrakech.com\/wp-content\/uploads\/2024\/10\/Copie-de-_U9A1170-1-scaled.jpg"},{"@type":"BreadcrumbList","@id":"https:\/\/jwatlasmarrakech.com\/createur-dexperience\/#breadcrumb","itemListElement":[{"@type":"ListItem","position":1,"name":"Home","item":"https:\/\/jwatlasmarrakech.com\/"},{"@type":"ListItem","position":2,"name":"Cr\u00e9ateur d&#8217;exp\u00e9rience"}]},{"@type":"WebSite","@id":"https:\/\/jwatlasmarrakech.com\/#website","url":"https:\/\/jwatlasmarrakech.com\/","name":"JW Atlas Guesthouse in Marrakech","description":"","publisher":{"@id":"https:\/\/jwatlasmarrakech.com\/#organization"},"potentialAction":[{"@type":"SearchAction","target":{"@type":"EntryPoint","urlTemplate":"https:\/\/jwatlasmarrakech.com\/?s={search_term_string}"},"query-input":{"@type":"PropertyValueSpecification","valueRequired":true,"valueName":"search_term_string"}}],"inLanguage":"en-GB"},{"@type":"Organization","@id":"https:\/\/jwatlasmarrakech.com\/#organization","name":"JW Atlas Guesthouse in Marrakech","url":"https:\/\/jwatlasmarrakech.com\/","logo":{"@type":"ImageObject","inLanguage":"en-GB","@id":"https:\/\/jwatlasmarrakech.com\/#\/schema\/logo\/image\/","url":"https:\/\/jwatlasmarrakech.com\/wp-content\/uploads\/2024\/10\/cropped-Plan-de-travail-4.png","contentUrl":"https:\/\/jwatlasmarrakech.com\/wp-content\/uploads\/2024\/10\/cropped-Plan-de-travail-4.png","width":3735,"height":4428,"caption":"JW Atlas Palais d&#039;h\u00f4tes \u00e0 Marrakech"},"image":{"@id":"https:\/\/jwatlasmarrakech.com\/#\/schema\/logo\/image\/"}}]}},"_links":{"self":[{"href":"https:\/\/jwatlasmarrakech.com\/en\/wp-json\/wp\/v2\/pages\/2266","targetHints":{"allow":["GET"]}}],"collection":[{"href":"https:\/\/jwatlasmarrakech.com\/en\/wp-json\/wp\/v2\/pages"}],"about":[{"href":"https:\/\/jwatlasmarrakech.com\/en\/wp-json\/wp\/v2\/types\/page"}],"author":[{"embeddable":true,"href":"https:\/\/jwatlasmarrakech.com\/en\/wp-json\/wp\/v2\/users\/1"}],"replies":[{"embeddable":true,"href":"https:\/\/jwatlasmarrakech.com\/en\/wp-json\/wp\/v2\/comments?post=2266"}],"version-history":[{"count":25,"href":"https:\/\/jwatlasmarrakech.com\/en\/wp-json\/wp\/v2\/pages\/2266\/revisions"}],"predecessor-version":[{"id":3276,"href":"https:\/\/jwatlasmarrakech.com\/en\/wp-json\/wp\/v2\/pages\/2266\/revisions\/3276"}],"wp:attachment":[{"href":"https:\/\/jwatlasmarrakech.com\/en\/wp-json\/wp\/v2\/media?parent=2266"}],"curies":[{"name":"wp","href":"https:\/\/api.w.org\/{rel}","templated":true}]}}